{"id":323,"date":"2021-08-27T11:34:33","date_gmt":"2021-08-27T11:34:33","guid":{"rendered":"http:\/\/dummy.xtemos.com\/woodmart2\/elementor\/?post_type=product&#038;p=323"},"modified":"2026-01-31T16:32:08","modified_gmt":"2026-01-31T15:32:08","slug":"apartament-4-pokojowy","status":"publish","type":"product","link":"https:\/\/www.bblafontaine.com\/pl\/oferta\/apartament-4-pokojowy\/","title":{"rendered":"Apartament 4-pokojowy"},"content":{"rendered":"<p>Bardzo wygodny apartament o powierzchni 130m2 z czterema sypialniami (jedna z nich z oknem na rynek g\u0142\u00f3wny), salonem, dwiema \u0142azienkami, w pe\u0142ni wyposa\u017con\u0105 kuchni\u0105, klimatyzacj\u0105, telewizj\u0105 i \u0142\u0105czem internetowym (wi-fi), mieszcz\u0105cy max. 8-osobow\u0105 grup\u0119.<\/p>\n<p>Apartament posiada:<\/p>\n<ul>\n<li>4 sypialnie (2 z nich z dwoma pojedynczymi \u0142\u00f3\u017ckami, 2 z podw\u00f3jnym \u0142\u00f3\u017ckiem)<\/li>\n<li>wsp\u00f3lny salon<\/li>\n<li>dwie \u0142azienki (jedna z wann\u0105, druga z jacuzzi)<\/li>\n<li>osobn\u0105 toalet\u0119<\/li>\n<li>w pe\u0142ni wyposa\u017cony aneks kuchenny (elektryczna kuchenka, piekarnik, lod\u00f3wka, zastawa sto\u0142owa (talerze, fili\u017canki, kieliszki, szklanki, sztu\u0107ce)<\/li>\n<li>bezprzewodowy dost\u0119p do Internetu i TV z mi\u0119dzynarodowymi kana\u0142ami<\/li>\n<li>klimatyzacj\u0119<\/li>\n<li>widok na Rynek G\u0142\u00f3wny z dw\u00f3ch sypialni.<\/li>\n<\/ul>\n<p>Na Pa\u0144stwa \u017cyczenie do apartamentu mo\u017cemy wstawi\u0107 \u0142\u00f3\u017ceczko dla dziecka. Do dyspozycji Go\u015bci mamy tak\u017ce \u017celazko i desk\u0119 do prasowania, dost\u0119pne po uprzednim kontakcie z recepcj\u0105.<\/p>\n<p>Apartament znajduje na trzecim pi\u0119trze, kamienicy tu\u017c przy Rynku G\u0142\u00f3wnym.<\/p>\n<p>Ze wzgl\u0119du na zabytkowy charakter budynku, Aparthotel nie posiada windy.<\/p>\n<p>Ceny zawieraj\u0105 wszystkie podatki i us\u0142ugi aparthotelowe , informacj\u0119 turystyczn\u0105 i op\u0142aty miejscowe.<\/p>\n","protected":false},"excerpt":{"rendered":"<p>Cena dost\u0119pna po kontakcie mailowym lub telefonicznym.<\/p>\n","protected":false},"featured_media":29731,"template":"","meta":[],"product_brand":[],"product_cat":[28],"product_tag":[],"class_list":{"0":"post-323","1":"product","2":"type-product","3":"status-publish","4":"has-post-thumbnail","6":"product_cat-apartamenty","8":"first","9":"instock","10":"shipping-taxable","11":"product-type-external"},"yoast_head":"<!-- This site is optimized with the Yoast SEO plugin v26.8 - https:\/\/yoast.com\/product\/yoast-seo-wordpress\/ -->\n<title>Apartament 4-pokojowy - B&amp;B La Fontaine Aparthotel Krak\u00f3w<\/title>\n<meta name=\"robots\" content=\"index, follow, max-snippet:-1, max-image-preview:large, max-video-preview:-1\" \/>\n<link rel=\"canonical\" href=\"https:\/\/www.bblafontaine.com\/pl\/oferta\/apartament-4-pokojowy\/\" \/>\n<meta property=\"og:locale\" content=\"pl_PL\" \/>\n<meta property=\"og:type\" content=\"article\" \/>\n<meta property=\"og:title\" content=\"Apartament 4-pokojowy - B&amp;B La Fontaine Aparthotel Krak\u00f3w\" \/>\n<meta property=\"og:description\" content=\"Cena dost\u0119pna po kontakcie mailowym lub telefonicznym.\" \/>\n<meta property=\"og:url\" content=\"https:\/\/www.bblafontaine.com\/pl\/oferta\/apartament-4-pokojowy\/\" \/>\n<meta property=\"og:site_name\" content=\"B&amp;B La Fontaine Aparthotel Krak\u00f3w\" \/>\n<meta property=\"article:modified_time\" content=\"2026-01-31T15:32:08+00:00\" \/>\n<meta property=\"og:image\" content=\"https:\/\/www.bblafontaine.com\/wp-content\/uploads\/2025\/12\/pierwsze-apartament-4-pokoje.webp\" \/>\n\t<meta property=\"og:image:width\" content=\"1000\" \/>\n\t<meta property=\"og:image:height\" content=\"667\" \/>\n\t<meta property=\"og:image:type\" content=\"image\/webp\" \/>\n<meta name=\"twitter:card\" content=\"summary_large_image\" \/>\n<meta name=\"twitter:label1\" content=\"Szacowany czas czytania\" \/>\n\t<meta name=\"twitter:data1\" content=\"2 minuty\" \/>\n<script type=\"application\/ld+json\" class=\"yoast-schema-graph\">{\"@context\":\"https:\/\/schema.org\",\"@graph\":[{\"@type\":\"WebPage\",\"@id\":\"https:\/\/www.bblafontaine.com\/pl\/oferta\/apartament-4-pokojowy\/\",\"url\":\"https:\/\/www.bblafontaine.com\/pl\/oferta\/apartament-4-pokojowy\/\",\"name\":\"Apartament 4-pokojowy - B&amp;B La Fontaine Aparthotel Krak\u00f3w\",\"isPartOf\":{\"@id\":\"https:\/\/www.bblafontaine.com\/pl\/#website\"},\"primaryImageOfPage\":{\"@id\":\"https:\/\/www.bblafontaine.com\/pl\/oferta\/apartament-4-pokojowy\/#primaryimage\"},\"image\":{\"@id\":\"https:\/\/www.bblafontaine.com\/pl\/oferta\/apartament-4-pokojowy\/#primaryimage\"},\"thumbnailUrl\":\"https:\/\/www.bblafontaine.com\/wp-content\/uploads\/2025\/12\/pierwsze-apartament-4-pokoje.webp\",\"datePublished\":\"2021-08-27T11:34:33+00:00\",\"dateModified\":\"2026-01-31T15:32:08+00:00\",\"breadcrumb\":{\"@id\":\"https:\/\/www.bblafontaine.com\/pl\/oferta\/apartament-4-pokojowy\/#breadcrumb\"},\"inLanguage\":\"pl-PL\",\"potentialAction\":[{\"@type\":\"ReadAction\",\"target\":[\"https:\/\/www.bblafontaine.com\/pl\/oferta\/apartament-4-pokojowy\/\"]}]},{\"@type\":\"ImageObject\",\"inLanguage\":\"pl-PL\",\"@id\":\"https:\/\/www.bblafontaine.com\/pl\/oferta\/apartament-4-pokojowy\/#primaryimage\",\"url\":\"https:\/\/www.bblafontaine.com\/wp-content\/uploads\/2025\/12\/pierwsze-apartament-4-pokoje.webp\",\"contentUrl\":\"https:\/\/www.bblafontaine.com\/wp-content\/uploads\/2025\/12\/pierwsze-apartament-4-pokoje.webp\",\"width\":1000,\"height\":667},{\"@type\":\"BreadcrumbList\",\"@id\":\"https:\/\/www.bblafontaine.com\/pl\/oferta\/apartament-4-pokojowy\/#breadcrumb\",\"itemListElement\":[{\"@type\":\"ListItem\",\"position\":1,\"name\":\"Strona g\u0142\u00f3wna\",\"item\":\"https:\/\/www.bblafontaine.com\/pl\/\"},{\"@type\":\"ListItem\",\"position\":2,\"name\":\"Pokoje\",\"item\":\"https:\/\/www.bblafontaine.com\/pokoje\/\"},{\"@type\":\"ListItem\",\"position\":3,\"name\":\"Apartament 4-pokojowy\"}]},{\"@type\":\"WebSite\",\"@id\":\"https:\/\/www.bblafontaine.com\/pl\/#website\",\"url\":\"https:\/\/www.bblafontaine.com\/pl\/\",\"name\":\"B&amp;B La Fontaine Aparthotel Krak\u00f3w\",\"description\":\"\",\"potentialAction\":[{\"@type\":\"SearchAction\",\"target\":{\"@type\":\"EntryPoint\",\"urlTemplate\":\"https:\/\/www.bblafontaine.com\/pl\/?s={search_term_string}\"},\"query-input\":{\"@type\":\"PropertyValueSpecification\",\"valueRequired\":true,\"valueName\":\"search_term_string\"}}],\"inLanguage\":\"pl-PL\"}]}<\/script>\n<!-- \/ Yoast SEO plugin. -->","yoast_head_json":{"title":"Apartament 4-pokojowy - B&amp;B La Fontaine Aparthotel Krak\u00f3w","robots":{"index":"index","follow":"follow","max-snippet":"max-snippet:-1","max-image-preview":"max-image-preview:large","max-video-preview":"max-video-preview:-1"},"canonical":"https:\/\/www.bblafontaine.com\/pl\/oferta\/apartament-4-pokojowy\/","og_locale":"pl_PL","og_type":"article","og_title":"Apartament 4-pokojowy - B&amp;B La Fontaine Aparthotel Krak\u00f3w","og_description":"Cena dost\u0119pna po kontakcie mailowym lub telefonicznym.","og_url":"https:\/\/www.bblafontaine.com\/pl\/oferta\/apartament-4-pokojowy\/","og_site_name":"B&amp;B La Fontaine Aparthotel Krak\u00f3w","article_modified_time":"2026-01-31T15:32:08+00:00","og_image":[{"width":1000,"height":667,"url":"https:\/\/www.bblafontaine.com\/wp-content\/uploads\/2025\/12\/pierwsze-apartament-4-pokoje.webp","type":"image\/webp"}],"twitter_card":"summary_large_image","twitter_misc":{"Szacowany czas czytania":"2 minuty"},"schema":{"@context":"https:\/\/schema.org","@graph":[{"@type":"WebPage","@id":"https:\/\/www.bblafontaine.com\/pl\/oferta\/apartament-4-pokojowy\/","url":"https:\/\/www.bblafontaine.com\/pl\/oferta\/apartament-4-pokojowy\/","name":"Apartament 4-pokojowy - B&amp;B La Fontaine Aparthotel Krak\u00f3w","isPartOf":{"@id":"https:\/\/www.bblafontaine.com\/pl\/#website"},"primaryImageOfPage":{"@id":"https:\/\/www.bblafontaine.com\/pl\/oferta\/apartament-4-pokojowy\/#primaryimage"},"image":{"@id":"https:\/\/www.bblafontaine.com\/pl\/oferta\/apartament-4-pokojowy\/#primaryimage"},"thumbnailUrl":"https:\/\/www.bblafontaine.com\/wp-content\/uploads\/2025\/12\/pierwsze-apartament-4-pokoje.webp","datePublished":"2021-08-27T11:34:33+00:00","dateModified":"2026-01-31T15:32:08+00:00","breadcrumb":{"@id":"https:\/\/www.bblafontaine.com\/pl\/oferta\/apartament-4-pokojowy\/#breadcrumb"},"inLanguage":"pl-PL","potentialAction":[{"@type":"ReadAction","target":["https:\/\/www.bblafontaine.com\/pl\/oferta\/apartament-4-pokojowy\/"]}]},{"@type":"ImageObject","inLanguage":"pl-PL","@id":"https:\/\/www.bblafontaine.com\/pl\/oferta\/apartament-4-pokojowy\/#primaryimage","url":"https:\/\/www.bblafontaine.com\/wp-content\/uploads\/2025\/12\/pierwsze-apartament-4-pokoje.webp","contentUrl":"https:\/\/www.bblafontaine.com\/wp-content\/uploads\/2025\/12\/pierwsze-apartament-4-pokoje.webp","width":1000,"height":667},{"@type":"BreadcrumbList","@id":"https:\/\/www.bblafontaine.com\/pl\/oferta\/apartament-4-pokojowy\/#breadcrumb","itemListElement":[{"@type":"ListItem","position":1,"name":"Strona g\u0142\u00f3wna","item":"https:\/\/www.bblafontaine.com\/pl\/"},{"@type":"ListItem","position":2,"name":"Pokoje","item":"https:\/\/www.bblafontaine.com\/pokoje\/"},{"@type":"ListItem","position":3,"name":"Apartament 4-pokojowy"}]},{"@type":"WebSite","@id":"https:\/\/www.bblafontaine.com\/pl\/#website","url":"https:\/\/www.bblafontaine.com\/pl\/","name":"B&amp;B La Fontaine Aparthotel Krak\u00f3w","description":"","potentialAction":[{"@type":"SearchAction","target":{"@type":"EntryPoint","urlTemplate":"https:\/\/www.bblafontaine.com\/pl\/?s={search_term_string}"},"query-input":{"@type":"PropertyValueSpecification","valueRequired":true,"valueName":"search_term_string"}}],"inLanguage":"pl-PL"}]}},"_links":{"self":[{"href":"https:\/\/www.bblafontaine.com\/pl\/wp-json\/wp\/v2\/product\/323","targetHints":{"allow":["GET"]}}],"collection":[{"href":"https:\/\/www.bblafontaine.com\/pl\/wp-json\/wp\/v2\/product"}],"about":[{"href":"https:\/\/www.bblafontaine.com\/pl\/wp-json\/wp\/v2\/types\/product"}],"version-history":[{"count":0,"href":"https:\/\/www.bblafontaine.com\/pl\/wp-json\/wp\/v2\/product\/323\/revisions"}],"wp:featuredmedia":[{"embeddable":true,"href":"https:\/\/www.bblafontaine.com\/pl\/wp-json\/wp\/v2\/media\/29731"}],"wp:attachment":[{"href":"https:\/\/www.bblafontaine.com\/pl\/wp-json\/wp\/v2\/media?parent=323"}],"wp:term":[{"taxonomy":"product_brand","embeddable":true,"href":"https:\/\/www.bblafontaine.com\/pl\/wp-json\/wp\/v2\/product_brand?post=323"},{"taxonomy":"product_cat","embeddable":true,"href":"https:\/\/www.bblafontaine.com\/pl\/wp-json\/wp\/v2\/product_cat?post=323"},{"taxonomy":"product_tag","embeddable":true,"href":"https:\/\/www.bblafontaine.com\/pl\/wp-json\/wp\/v2\/product_tag?post=323"}],"curies":[{"name":"wp","href":"https:\/\/api.w.org\/{rel}","templated":true}]}}